{"id":5721,"date":"2022-06-10T23:57:28","date_gmt":"2022-06-10T23:57:28","guid":{"rendered":"https:\/\/mvlaw.adv.br\/?page_id=5721"},"modified":"2022-06-27T16:51:14","modified_gmt":"2022-06-27T16:51:14","slug":"direito-tributario","status":"publish","type":"page","link":"http:\/\/mvlaw.adv.br\/pt_br\/areas-de-atuacao\/direito-tributario\/","title":{"rendered":"Direito Tribut\u00e1rio"},"content":{"rendered":"<div id=\"vc_row-69ebae3782b0f\" class=\"vc_row wpb_row vc_row-fluid vc_custom_1654904994849 thegem-custom-69ebae3782aea4215\"><div class=\"wpb_column vc_column_container vc_col-sm-12 thegem-custom-69ebae378305e687\"><div class=\"vc_column-inner \"><div class=\"wpb_wrapper\">\r\n\t\r\n\t\t<div class=\"wpb_text_column wpb_content_element \" >\r\n\t\t\t<div class=\"wpb_wrapper\">\r\n\t\t\t\t<h3 style=\"text-align: center;\">CONSULTORIA, ASSESSORIA, PLANEJAMENTO\u00a0 E CONTENCIOSO<span style=\"color: #ff3043;\"> TRIBUT\u00c1RIO<\/span><\/h3>\n\r\n\t\t\t<\/div>\r\n\t\t<\/div>\r\n\t\r\n<\/div><\/div><\/div><\/div><div class=\"vc_row-full-width-before\"><\/div><div id=\"vc_row-69ebae3784717\" data-vc-full-width=\"true\" data-vc-full-width-init=\"false\" class=\"vc_row wpb_row vc_row-fluid vc_custom_1543234784911 thegem-custom-69ebae37846ea4520\"><script type=\"text\/javascript\">if (typeof(gem_fix_fullwidth_position) == \"function\") { gem_fix_fullwidth_position(document.getElementById(\"vc_row-69ebae3784717\")); }<\/script><div class=\"wpb_column vc_column_container vc_col-sm-6 thegem-custom-69ebae3784b7a5948\"><div class=\"vc_column-inner \"><div class=\"wpb_wrapper\"><div class=\"gem-list gem-list-type-check-style-1 gem-list-color-2\" ><ul>\n<li>Atuamos no contencioso fiscal Federal, Estadual e Municipal em todas as Unidades Federadas, nas esferas: Administrativa, mediante impugna\u00e7\u00f5es a autos de infra\u00e7\u00e3o, defesas contra indeferimentos de pleitos de compensa\u00e7\u00e3o, restitui\u00e7\u00e3o e ressarcimento de tributos; e Judicial, no patroc\u00ednio de processos tribut\u00e1rios de todas as naturezas, complexidade e repercuss\u00f5es, da primeira \u00e0 \u00faltima inst\u00e2ncia.<\/li>\n<li>Como uma das medidas preventivas de lit\u00edgios fiscais, assessoramos pessoas jur\u00eddicas e f\u00edsicas em processos de fiscaliza\u00e7\u00e3o tribut\u00e1ria.<\/li>\n<li>Assessoramos pessoas jur\u00eddicas e f\u00edsicas na estrutura\u00e7\u00e3o, planejamento (decorrentes das mais diversas causas, como societ\u00e1rias &#8211; incorpora\u00e7\u00f5es, cis\u00f5es e fus\u00f5es, joint ventures, cons\u00f3rcios, dentre outras &#8211; ou sucess\u00f3rias) e gest\u00e3o fiscal de seus neg\u00f3cios.<\/li>\n<\/ul>\n<\/div><\/div><\/div><\/div><div class=\"wpb_column vc_column_container vc_col-sm-6 thegem-custom-69ebae37850b92371\"><div class=\"vc_column-inner \"><div class=\"wpb_wrapper\"><div class=\"gem-list gem-list-type-check-style-1 gem-list-color-2\" ><ul>\n<li>Emitimos opini\u00f5es legais e preparamos os documentos jur\u00eddicos pertinentes acerca da tributa\u00e7\u00e3o inerente \u00e0s opera\u00e7\u00f5es ou aos aspectos que digam respeito a pessoas f\u00edsicas e jur\u00eddicas (nacionais ou estrangeiras) que tenham elemento de conex\u00e3o com o Brasil ou exterior. S\u00e3o exemplos consultas a pessoas jur\u00eddicas, que realizem opera\u00e7\u00f5es pluri ou transnacionais, ou f\u00edsicas, como expatriados ou residentes no Brasil com ativos no exterior. Nossa an\u00e1lise contempla os impactos fiscais sob a perspectiva da jurisdi\u00e7\u00e3o nacional (brasileira) e da aplica\u00e7\u00e3o de tratados internacionais.<\/li>\n<li>Elaboramos pareceres jur\u00eddicos acerca de tributos (federais, estaduais e municipais) que repercutam ou possam vir a repercutir sobre nossos clientes, promovendo a an\u00e1lise dos impactos inerentes \u00e0s atividades econ\u00f4micas ou comerciais.<\/li>\n<li>Prestamos consultoria fiscal, inclusive com o prop\u00f3sito de proporcionar a redu\u00e7\u00e3o, na forma da lei, da carga tribut\u00e1ria e\/ou recupera\u00e7\u00e3o de eventuais cr\u00e9ditos tribut\u00e1rios.<\/li>\n<li>Em mat\u00e9ria de benef\u00edcios fiscais e regimes especiais, prestamos assessoria e instauramos os procedimentos correlatos, sempre que necess\u00e1rios.<\/li>\n<\/ul>\n<\/div><\/div><\/div><\/div><\/div><div class=\"vc_row-full-width vc_clearfix\"><\/div><div class=\"vc_row-full-width-before\"><\/div><div id=\"vc_row-69ebae3785728\" data-vc-full-width=\"true\" data-vc-full-width-init=\"false\" class=\"vc_row wpb_row vc_row-fluid vc_custom_1656347397009 thegem-custom-69ebae37856ef3813 vc_row-has-fill\"><script type=\"text\/javascript\">if (typeof(gem_fix_fullwidth_position) == \"function\") { gem_fix_fullwidth_position(document.getElementById(\"vc_row-69ebae3785728\")); }<\/script><div class=\"wpb_column vc_column_container vc_col-sm-12 thegem-custom-69ebae3785b312851\"><div class=\"vc_column-inner \"><div class=\"wpb_wrapper\">\r\n\t\r\n\t\t<div class=\"wpb_text_column wpb_content_element  wpb_animate_when_almost_visible wpb_bottom-to-top bottom-to-top\" >\r\n\t\t\t<div class=\"wpb_wrapper\">\r\n\t\t\t\t<h1 style=\"text-align: center;\"><span style=\"color: #ffffff;\">todas as \u00c1REAS<\/span><\/h1>\n\r\n\t\t\t<\/div>\r\n\t\t<\/div>\r\n\t\r\n<div class=\"clearboth\"><\/div><div class=\"gem-divider \" style=\"margin-top: 50px;\"><\/div><div class=\"quickfinder quickfinder-style-classic row inline-row quickfinder-icon-position-top quickfinder-alignment-center quickfinder-title-thin\" data-hover-icon-color=\"#c9e265\" data-hover-box-color=\"rgba(32,37,52,0.8)\" data-hover-button-text-color=\"#ffffff\"><div id=\"post-1119\" data-ll-finish-delay=\"200\" class=\"quickfinder-item inline-column col-md-3 col-xs-6 quickfinder-item-effect-simple icon-size-medium quickfinder-box-style-solid lazy-loading post-1119 thegem_qf_item type-thegem_qf_item status-publish\" data-ll-item-delay=\"0\"> <div class=\"quickfinder-item-box\" style=\"background-color: rgba(32,37,52,0.6);\"> <div class=\"quickfinder-item-inner\"> <div class=\"quickfinder-item-image\"> <div class=\"quickfinder-item-image-content lazy-loading-item\" data-ll-item-delay=\"0\" data-ll-effect=\"clip\"> <div class=\"quickfinder-item-image-wrapper\"> <div class=\"gem-icon gem-icon-pack-material gem-icon-size-medium gem-icon-shape-circle gem-simple-icon\" style=\"opacity: 1;\"><div class=\"gem-icon-inner\" style=\"\"><span class=\"gem-icon-half-1\" style=\"color: #ffffff;\"><span class=\"back-angle\">&#xf272;<\/span><\/span><span class=\"gem-icon-half-2\" style=\"color: #ffffff;\"><span class=\"back-angle\">&#xf272;<\/span><\/span><\/div><\/div> <\/div> <\/div> <\/div> <div class=\"quickfinder-item-info-wrapper\"> <div class=\"quickfinder-item-info lazy-loading-item\" data-ll-item-delay=\"200\" data-ll-effect=\"fading\"> <div class=\"quickfinder-item-title\" style=\"color: #ffffff;\">Direito Tribut\u00e1rio<\/div> <div class=\"quickfinder-item-text\" style=\"color: #ffffff;\">Atuamos no contencioso fiscal Federal, Estadual e<br \/>\nMunicipal em todas as Unidades Federadas, nas esferas Administrativas e Judiciais.<\/div> <div class=\"gem-button-container gem-button-position-inline thegem-button-69ebae37892e28086 quickfinder-button\" ><a class=\"gem-button gem-button-size-small gem-button-style-flat gem-button-text-weight-normal\" style=\"border-radius: 5px;background-color: #ff3043;color: #ffffff;\" onmouseleave=\"this.style.backgroundColor='#ff3043';this.style.color='#ffffff';\" onmouseenter=\"\" href=\"#\" target=\"_self\">ACESSE<\/a><\/div> <\/div> <\/div> <\/div> <\/div> <a href=\"https:\/\/mvlaw.adv.br\/direito-tributario\" target=\"_self\" class=\"quickfinder-item-link\"><\/a> <\/div> <div id=\"post-1123\" data-ll-finish-delay=\"200\" class=\"quickfinder-item inline-column col-md-3 col-xs-6 quickfinder-item-effect-simple icon-size-medium quickfinder-box-style-solid lazy-loading post-1123 thegem_qf_item type-thegem_qf_item status-publish\" data-ll-item-delay=\"0\"> <div class=\"quickfinder-item-box\" style=\"background-color: rgba(32,37,52,0.6);\"> <div class=\"quickfinder-item-inner\"> <div class=\"quickfinder-item-image\"> <div class=\"quickfinder-item-image-content lazy-loading-item\" data-ll-item-delay=\"0\" data-ll-effect=\"clip\"> <div class=\"quickfinder-item-image-wrapper\"> <div class=\"gem-icon gem-icon-pack-material gem-icon-size-medium gem-icon-shape-circle gem-simple-icon\" style=\"opacity: 1;\"><div class=\"gem-icon-inner\" style=\"\"><span class=\"gem-icon-half-1\" style=\"color: #ffffff;\"><span class=\"back-angle\">&#xf1fa;<\/span><\/span><span class=\"gem-icon-half-2\" style=\"color: #ffffff;\"><span class=\"back-angle\">&#xf1fa;<\/span><\/span><\/div><\/div> <\/div> <\/div> <\/div> <div class=\"quickfinder-item-info-wrapper\"> <div class=\"quickfinder-item-info lazy-loading-item\" data-ll-item-delay=\"200\" data-ll-effect=\"fading\"> <div class=\"quickfinder-item-title\" style=\"color: #ffffff;\">Previdenci\u00e1rio<\/div> <div class=\"quickfinder-item-text\" style=\"color: #ffffff;\">Prestamos consultoria em mat\u00e9ria previdenci\u00e1ria no<br \/>\nque respeita \u00e0 revis\u00e3o, elabora\u00e7\u00e3o e implementa\u00e7\u00e3o de pol\u00edticas de remunera\u00e7\u00e3o das empresas.<\/div> <div class=\"gem-button-container gem-button-position-inline thegem-button-69ebae3789d2c6552 quickfinder-button\" ><a class=\"gem-button gem-button-size-small gem-button-style-flat gem-button-text-weight-normal\" style=\"border-radius: 5px;background-color: #ff3043;color: #ffffff;\" onmouseleave=\"this.style.backgroundColor='#ff3043';this.style.color='#ffffff';\" onmouseenter=\"\" href=\"#\" target=\"_self\">ACESSE<\/a><\/div> <\/div> <\/div> <\/div> <\/div> <a href=\"https:\/\/mvlaw.adv.br\/direito-previdenciario\" target=\"_self\" class=\"quickfinder-item-link\"><\/a> <\/div> <div id=\"post-1124\" data-ll-finish-delay=\"200\" class=\"quickfinder-item inline-column col-md-3 col-xs-6 quickfinder-item-effect-simple icon-size-medium quickfinder-box-style-solid lazy-loading post-1124 thegem_qf_item type-thegem_qf_item status-publish\" data-ll-item-delay=\"0\"> <div class=\"quickfinder-item-box\" style=\"background-color: rgba(32,37,52,0.6);\"> <div class=\"quickfinder-item-inner\"> <div class=\"quickfinder-item-image\"> <div class=\"quickfinder-item-image-content lazy-loading-item\" data-ll-item-delay=\"0\" data-ll-effect=\"clip\"> <div class=\"quickfinder-item-image-wrapper\"> <div class=\"gem-icon gem-icon-pack-material gem-icon-size-medium gem-icon-shape-circle gem-simple-icon\" style=\"opacity: 1;\"><div class=\"gem-icon-inner\" style=\"\"><span class=\"gem-icon-half-1\" style=\"color: #ffffff;\"><span class=\"back-angle\">&#xf10a;<\/span><\/span><span class=\"gem-icon-half-2\" style=\"color: #ffffff;\"><span class=\"back-angle\">&#xf10a;<\/span><\/span><\/div><\/div> <\/div> <\/div> <\/div> <div class=\"quickfinder-item-info-wrapper\"> <div class=\"quickfinder-item-info lazy-loading-item\" data-ll-item-delay=\"200\" data-ll-effect=\"fading\"> <div class=\"quickfinder-item-title\" style=\"color: #ffffff;\">Societ\u00e1rio e M&#038;A<\/div> <div class=\"quickfinder-item-text\" style=\"color: #ffffff;\">Auxiliamos nossos clientes na estrutura\u00e7\u00e3o de op\u00e7\u00f5es de baixa, m\u00e9dia e alta complexidade, tanto para compra ou venda.<br \/>\n<br \/>\n<\/div> <div class=\"gem-button-container gem-button-position-inline thegem-button-69ebae378a8f9770 quickfinder-button\" ><a class=\"gem-button gem-button-size-small gem-button-style-flat gem-button-text-weight-normal\" style=\"border-radius: 5px;background-color: #ff3043;color: #ffffff;\" onmouseleave=\"this.style.backgroundColor='#ff3043';this.style.color='#ffffff';\" onmouseenter=\"\" href=\"#\" target=\"_self\">ACESSE<\/a><\/div> <\/div> <\/div> <\/div> <\/div> <a href=\"https:\/\/mvlaw.adv.br\/direito-societario-e-ma\" target=\"_self\" class=\"quickfinder-item-link\"><\/a> <\/div> <div id=\"post-1403\" data-ll-finish-delay=\"200\" class=\"quickfinder-item inline-column col-md-3 col-xs-6 quickfinder-item-effect-simple icon-size-medium quickfinder-box-style-solid lazy-loading post-1403 thegem_qf_item type-thegem_qf_item status-publish\" data-ll-item-delay=\"0\"> <div class=\"quickfinder-item-box\" style=\"background-color: rgba(32,37,52,0.6);\"> <div class=\"quickfinder-item-inner\"> <div class=\"quickfinder-item-image\"> <div class=\"quickfinder-item-image-content lazy-loading-item\" data-ll-item-delay=\"0\" data-ll-effect=\"clip\"> <div class=\"quickfinder-item-image-wrapper\"> <div class=\"gem-icon gem-icon-pack-material gem-icon-size-medium gem-icon-shape-circle gem-simple-icon\" style=\"opacity: 1;\"><div class=\"gem-icon-inner\" style=\"\"><span class=\"gem-icon-half-1\" style=\"color: #ffffff;\"><span class=\"back-angle\">&#xf45e;<\/span><\/span><span class=\"gem-icon-half-2\" style=\"color: #ffffff;\"><span class=\"back-angle\">&#xf45e;<\/span><\/span><\/div><\/div> <\/div> <\/div> <\/div> <div class=\"quickfinder-item-info-wrapper\"> <div class=\"quickfinder-item-info lazy-loading-item\" data-ll-item-delay=\"200\" data-ll-effect=\"fading\"> <div class=\"quickfinder-item-title\" style=\"color: #ffffff;\">Aduaneiro<\/div> <div class=\"quickfinder-item-text\" style=\"color: #ffffff;\">Patrocinamos processos administrativos e judiciais relacionados ao Direito Aduaneiro.<br \/>\n<br \/>\n<br \/>\n<\/div> <div class=\"gem-button-container gem-button-position-inline thegem-button-69ebae378b183491 quickfinder-button\" ><a class=\"gem-button gem-button-size-small gem-button-style-flat gem-button-text-weight-normal\" style=\"border-radius: 5px;background-color: #ff3043;color: #ffffff;\" onmouseleave=\"this.style.backgroundColor='#ff3043';this.style.color='#ffffff';\" onmouseenter=\"\" href=\"#\" target=\"_self\">ACESSE<\/a><\/div> <\/div> <\/div> <\/div> <\/div> <a href=\"https:\/\/mvlaw.adv.br\/direito-aduaneiro\" target=\"_self\" class=\"quickfinder-item-link\"><\/a> <\/div> <\/div><\/div><\/div><\/div><\/div><div class=\"vc_row-full-width vc_clearfix\"><\/div>\n","protected":false},"excerpt":{"rendered":"","protected":false},"author":1,"featured_media":0,"parent":5946,"menu_order":0,"comment_status":"closed","ping_status":"closed","template":"","meta":[],"_links":{"self":[{"href":"http:\/\/mvlaw.adv.br\/pt_br\/wp-json\/wp\/v2\/pages\/5721"}],"collection":[{"href":"http:\/\/mvlaw.adv.br\/pt_br\/wp-json\/wp\/v2\/pages"}],"about":[{"href":"http:\/\/mvlaw.adv.br\/pt_br\/wp-json\/wp\/v2\/types\/page"}],"author":[{"embeddable":true,"href":"http:\/\/mvlaw.adv.br\/pt_br\/wp-json\/wp\/v2\/users\/1"}],"replies":[{"embeddable":true,"href":"http:\/\/mvlaw.adv.br\/pt_br\/wp-json\/wp\/v2\/comments?post=5721"}],"version-history":[{"count":4,"href":"http:\/\/mvlaw.adv.br\/pt_br\/wp-json\/wp\/v2\/pages\/5721\/revisions"}],"predecessor-version":[{"id":5942,"href":"http:\/\/mvlaw.adv.br\/pt_br\/wp-json\/wp\/v2\/pages\/5721\/revisions\/5942"}],"up":[{"embeddable":true,"href":"http:\/\/mvlaw.adv.br\/pt_br\/wp-json\/wp\/v2\/pages\/5946"}],"wp:attachment":[{"href":"http:\/\/mvlaw.adv.br\/pt_br\/wp-json\/wp\/v2\/media?parent=5721"}],"curies":[{"name":"wp","href":"https:\/\/api.w.org\/{rel}","templated":true}]}}