{"id":5664,"date":"2022-06-10T17:49:09","date_gmt":"2022-06-10T17:49:09","guid":{"rendered":"https:\/\/mvlaw.adv.br\/?page_id=5664"},"modified":"2022-06-27T16:50:53","modified_gmt":"2022-06-27T16:50:53","slug":"direito-aduaneiro","status":"publish","type":"page","link":"http:\/\/mvlaw.adv.br\/pt_br\/areas-de-atuacao\/direito-aduaneiro\/","title":{"rendered":"Direito Aduaneiro"},"content":{"rendered":"<div id=\"vc_row-69ebae01cfa13\" class=\"vc_row wpb_row vc_row-fluid vc_custom_1654904994849 thegem-custom-69ebae01cf9eb2252\"><div class=\"wpb_column vc_column_container vc_col-sm-12 thegem-custom-69ebae01d00579593\"><div class=\"vc_column-inner \"><div class=\"wpb_wrapper\">\r\n\t\r\n\t\t<div class=\"wpb_text_column wpb_content_element \" >\r\n\t\t\t<div class=\"wpb_wrapper\">\r\n\t\t\t\t<h3 style=\"text-align: center;\">com\u00e9rcio internacional e direito <span style=\"color: #ff3043;\">aduaneiro<\/span><\/h3>\n\r\n\t\t\t<\/div>\r\n\t\t<\/div>\r\n\t\r\n<\/div><\/div><\/div><\/div><div class=\"vc_row-full-width-before\"><\/div><div id=\"vc_row-69ebae01d210b\" data-vc-full-width=\"true\" data-vc-full-width-init=\"false\" class=\"vc_row wpb_row vc_row-fluid vc_custom_1543234784911 thegem-custom-69ebae01d20d02956\"><script type=\"text\/javascript\">if (typeof(gem_fix_fullwidth_position) == \"function\") { gem_fix_fullwidth_position(document.getElementById(\"vc_row-69ebae01d210b\")); }<\/script><div class=\"wpb_column vc_column_container vc_col-sm-6 thegem-custom-69ebae01d26572525\"><div class=\"vc_column-inner \"><div class=\"wpb_wrapper\"><div class=\"gem-list gem-list-type-check-style-1 gem-list-color-2\" ><ul>\n<li>Patrocinamos processos administrativos e judiciais relacionados ao Direito Aduaneiro.<\/li>\n<li>Assessoramos quanto \u00e0 aplica\u00e7\u00e3o das normas de Pre\u00e7os de Transfer\u00eancia.<\/li>\n<\/ul>\n<\/div><\/div><\/div><\/div><div class=\"wpb_column vc_column_container vc_col-sm-6 thegem-custom-69ebae01d2c9f991\"><div class=\"vc_column-inner \"><div class=\"wpb_wrapper\"><div class=\"gem-list gem-list-type-check-style-1 gem-list-color-2\" ><ul>\n<li>Em mat\u00e9ria de consultivo aduaneiro, analisamos as repercuss\u00f5es tribut\u00e1rias relativas \u00e0 importa\u00e7\u00e3o e exporta\u00e7\u00e3o de servi\u00e7os, os regimes aduaneiros especiais, as normas de controle de importa\u00e7\u00f5es e exporta\u00e7\u00f5es, os tratados internacionais e os incentivos fiscais.<\/li>\n<\/ul>\n<\/div><\/div><\/div><\/div><\/div><div class=\"vc_row-full-width vc_clearfix\"><\/div><div class=\"vc_row-full-width-before\"><\/div><div id=\"vc_row-69ebae01d3399\" data-vc-full-width=\"true\" data-vc-full-width-init=\"false\" class=\"vc_row wpb_row vc_row-fluid vc_custom_1656347567894 thegem-custom-69ebae01d33656413 vc_row-has-fill\"><script type=\"text\/javascript\">if (typeof(gem_fix_fullwidth_position) == \"function\") { gem_fix_fullwidth_position(document.getElementById(\"vc_row-69ebae01d3399\")); }<\/script><div class=\"wpb_column vc_column_container vc_col-sm-12 thegem-custom-69ebae01d38842344\"><div class=\"vc_column-inner \"><div class=\"wpb_wrapper\">\r\n\t\r\n\t\t<div class=\"wpb_text_column wpb_content_element  wpb_animate_when_almost_visible wpb_bottom-to-top bottom-to-top\" >\r\n\t\t\t<div class=\"wpb_wrapper\">\r\n\t\t\t\t<h1 style=\"text-align: center;\"><span style=\"color: #ffffff;\">todas as \u00c1REAS<\/span><\/h1>\n\r\n\t\t\t<\/div>\r\n\t\t<\/div>\r\n\t\r\n<div class=\"clearboth\"><\/div><div class=\"gem-divider \" style=\"margin-top: 50px;\"><\/div><div class=\"quickfinder quickfinder-style-classic row inline-row quickfinder-icon-position-top quickfinder-alignment-center quickfinder-title-thin\" data-hover-icon-color=\"#c9e265\" data-hover-box-color=\"rgba(32,37,52,0.8)\" data-hover-button-text-color=\"#ffffff\"><div id=\"post-1119\" data-ll-finish-delay=\"200\" class=\"quickfinder-item inline-column col-md-3 col-xs-6 quickfinder-item-effect-simple icon-size-medium quickfinder-box-style-solid lazy-loading post-1119 thegem_qf_item type-thegem_qf_item status-publish\" data-ll-item-delay=\"0\"> <div class=\"quickfinder-item-box\" style=\"background-color: rgba(32,37,52,0.6);\"> <div class=\"quickfinder-item-inner\"> <div class=\"quickfinder-item-image\"> <div class=\"quickfinder-item-image-content lazy-loading-item\" data-ll-item-delay=\"0\" data-ll-effect=\"clip\"> <div class=\"quickfinder-item-image-wrapper\"> <div class=\"gem-icon gem-icon-pack-material gem-icon-size-medium gem-icon-shape-circle gem-simple-icon\" style=\"opacity: 1;\"><div class=\"gem-icon-inner\" style=\"\"><span class=\"gem-icon-half-1\" style=\"color: #ffffff;\"><span class=\"back-angle\">&#xf272;<\/span><\/span><span class=\"gem-icon-half-2\" style=\"color: #ffffff;\"><span class=\"back-angle\">&#xf272;<\/span><\/span><\/div><\/div> <\/div> <\/div> <\/div> <div class=\"quickfinder-item-info-wrapper\"> <div class=\"quickfinder-item-info lazy-loading-item\" data-ll-item-delay=\"200\" data-ll-effect=\"fading\"> <div class=\"quickfinder-item-title\" style=\"color: #ffffff;\">Direito Tribut\u00e1rio<\/div> <div class=\"quickfinder-item-text\" style=\"color: #ffffff;\">Atuamos no contencioso fiscal Federal, Estadual e<br \/>\nMunicipal em todas as Unidades Federadas, nas esferas Administrativas e Judiciais.<\/div> <div class=\"gem-button-container gem-button-position-inline thegem-button-69ebae01dbf027557 quickfinder-button\" ><a class=\"gem-button gem-button-size-small gem-button-style-flat gem-button-text-weight-normal\" style=\"border-radius: 5px;background-color: #ff3043;color: #ffffff;\" onmouseleave=\"this.style.backgroundColor='#ff3043';this.style.color='#ffffff';\" onmouseenter=\"\" href=\"#\" target=\"_self\">ACESSE<\/a><\/div> <\/div> <\/div> <\/div> <\/div> <a href=\"https:\/\/mvlaw.adv.br\/direito-tributario\" target=\"_self\" class=\"quickfinder-item-link\"><\/a> <\/div> <div id=\"post-1123\" data-ll-finish-delay=\"200\" class=\"quickfinder-item inline-column col-md-3 col-xs-6 quickfinder-item-effect-simple icon-size-medium quickfinder-box-style-solid lazy-loading post-1123 thegem_qf_item type-thegem_qf_item status-publish\" data-ll-item-delay=\"0\"> <div class=\"quickfinder-item-box\" style=\"background-color: rgba(32,37,52,0.6);\"> <div class=\"quickfinder-item-inner\"> <div class=\"quickfinder-item-image\"> <div class=\"quickfinder-item-image-content lazy-loading-item\" data-ll-item-delay=\"0\" data-ll-effect=\"clip\"> <div class=\"quickfinder-item-image-wrapper\"> <div class=\"gem-icon gem-icon-pack-material gem-icon-size-medium gem-icon-shape-circle gem-simple-icon\" style=\"opacity: 1;\"><div class=\"gem-icon-inner\" style=\"\"><span class=\"gem-icon-half-1\" style=\"color: #ffffff;\"><span class=\"back-angle\">&#xf1fa;<\/span><\/span><span class=\"gem-icon-half-2\" style=\"color: #ffffff;\"><span class=\"back-angle\">&#xf1fa;<\/span><\/span><\/div><\/div> <\/div> <\/div> <\/div> <div class=\"quickfinder-item-info-wrapper\"> <div class=\"quickfinder-item-info lazy-loading-item\" data-ll-item-delay=\"200\" data-ll-effect=\"fading\"> <div class=\"quickfinder-item-title\" style=\"color: #ffffff;\">Previdenci\u00e1rio<\/div> <div class=\"quickfinder-item-text\" style=\"color: #ffffff;\">Prestamos consultoria em mat\u00e9ria previdenci\u00e1ria no<br \/>\nque respeita \u00e0 revis\u00e3o, elabora\u00e7\u00e3o e implementa\u00e7\u00e3o de pol\u00edticas de remunera\u00e7\u00e3o das empresas.<\/div> <div class=\"gem-button-container gem-button-position-inline thegem-button-69ebae01dc74a7954 quickfinder-button\" ><a class=\"gem-button gem-button-size-small gem-button-style-flat gem-button-text-weight-normal\" style=\"border-radius: 5px;background-color: #ff3043;color: #ffffff;\" onmouseleave=\"this.style.backgroundColor='#ff3043';this.style.color='#ffffff';\" onmouseenter=\"\" href=\"#\" target=\"_self\">ACESSE<\/a><\/div> <\/div> <\/div> <\/div> <\/div> <a href=\"https:\/\/mvlaw.adv.br\/direito-previdenciario\" target=\"_self\" class=\"quickfinder-item-link\"><\/a> <\/div> <div id=\"post-1124\" data-ll-finish-delay=\"200\" class=\"quickfinder-item inline-column col-md-3 col-xs-6 quickfinder-item-effect-simple icon-size-medium quickfinder-box-style-solid lazy-loading post-1124 thegem_qf_item type-thegem_qf_item status-publish\" data-ll-item-delay=\"0\"> <div class=\"quickfinder-item-box\" style=\"background-color: rgba(32,37,52,0.6);\"> <div class=\"quickfinder-item-inner\"> <div class=\"quickfinder-item-image\"> <div class=\"quickfinder-item-image-content lazy-loading-item\" data-ll-item-delay=\"0\" data-ll-effect=\"clip\"> <div class=\"quickfinder-item-image-wrapper\"> <div class=\"gem-icon gem-icon-pack-material gem-icon-size-medium gem-icon-shape-circle gem-simple-icon\" style=\"opacity: 1;\"><div class=\"gem-icon-inner\" style=\"\"><span class=\"gem-icon-half-1\" style=\"color: #ffffff;\"><span class=\"back-angle\">&#xf10a;<\/span><\/span><span class=\"gem-icon-half-2\" style=\"color: #ffffff;\"><span class=\"back-angle\">&#xf10a;<\/span><\/span><\/div><\/div> <\/div> <\/div> <\/div> <div class=\"quickfinder-item-info-wrapper\"> <div class=\"quickfinder-item-info lazy-loading-item\" data-ll-item-delay=\"200\" data-ll-effect=\"fading\"> <div class=\"quickfinder-item-title\" style=\"color: #ffffff;\">Societ\u00e1rio e M&#038;A<\/div> <div class=\"quickfinder-item-text\" style=\"color: #ffffff;\">Auxiliamos nossos clientes na estrutura\u00e7\u00e3o de op\u00e7\u00f5es de baixa, m\u00e9dia e alta complexidade, tanto para compra ou venda.<br \/>\n<br \/>\n<\/div> <div class=\"gem-button-container gem-button-position-inline thegem-button-69ebae01dce532992 quickfinder-button\" ><a class=\"gem-button gem-button-size-small gem-button-style-flat gem-button-text-weight-normal\" style=\"border-radius: 5px;background-color: #ff3043;color: #ffffff;\" onmouseleave=\"this.style.backgroundColor='#ff3043';this.style.color='#ffffff';\" onmouseenter=\"\" href=\"#\" target=\"_self\">ACESSE<\/a><\/div> <\/div> <\/div> <\/div> <\/div> <a href=\"https:\/\/mvlaw.adv.br\/direito-societario-e-ma\" target=\"_self\" class=\"quickfinder-item-link\"><\/a> <\/div> <div id=\"post-1403\" data-ll-finish-delay=\"200\" class=\"quickfinder-item inline-column col-md-3 col-xs-6 quickfinder-item-effect-simple icon-size-medium quickfinder-box-style-solid lazy-loading post-1403 thegem_qf_item type-thegem_qf_item status-publish\" data-ll-item-delay=\"0\"> <div class=\"quickfinder-item-box\" style=\"background-color: rgba(32,37,52,0.6);\"> <div class=\"quickfinder-item-inner\"> <div class=\"quickfinder-item-image\"> <div class=\"quickfinder-item-image-content lazy-loading-item\" data-ll-item-delay=\"0\" data-ll-effect=\"clip\"> <div class=\"quickfinder-item-image-wrapper\"> <div class=\"gem-icon gem-icon-pack-material gem-icon-size-medium gem-icon-shape-circle gem-simple-icon\" style=\"opacity: 1;\"><div class=\"gem-icon-inner\" style=\"\"><span class=\"gem-icon-half-1\" style=\"color: #ffffff;\"><span class=\"back-angle\">&#xf45e;<\/span><\/span><span class=\"gem-icon-half-2\" style=\"color: #ffffff;\"><span class=\"back-angle\">&#xf45e;<\/span><\/span><\/div><\/div> <\/div> <\/div> <\/div> <div class=\"quickfinder-item-info-wrapper\"> <div class=\"quickfinder-item-info lazy-loading-item\" data-ll-item-delay=\"200\" data-ll-effect=\"fading\"> <div class=\"quickfinder-item-title\" style=\"color: #ffffff;\">Aduaneiro<\/div> <div class=\"quickfinder-item-text\" style=\"color: #ffffff;\">Patrocinamos processos administrativos e judiciais relacionados ao Direito Aduaneiro.<br \/>\n<br \/>\n<br \/>\n<\/div> <div class=\"gem-button-container gem-button-position-inline thegem-button-69ebae01dd50e732 quickfinder-button\" ><a class=\"gem-button gem-button-size-small gem-button-style-flat gem-button-text-weight-normal\" style=\"border-radius: 5px;background-color: #ff3043;color: #ffffff;\" onmouseleave=\"this.style.backgroundColor='#ff3043';this.style.color='#ffffff';\" onmouseenter=\"\" href=\"#\" target=\"_self\">ACESSE<\/a><\/div> <\/div> <\/div> <\/div> <\/div> <a href=\"https:\/\/mvlaw.adv.br\/direito-aduaneiro\" target=\"_self\" class=\"quickfinder-item-link\"><\/a> <\/div> <\/div><\/div><\/div><\/div><\/div><div class=\"vc_row-full-width vc_clearfix\"><\/div>\n","protected":false},"excerpt":{"rendered":"","protected":false},"author":1,"featured_media":0,"parent":5946,"menu_order":0,"comment_status":"closed","ping_status":"closed","template":"","meta":[],"_links":{"self":[{"href":"http:\/\/mvlaw.adv.br\/pt_br\/wp-json\/wp\/v2\/pages\/5664"}],"collection":[{"href":"http:\/\/mvlaw.adv.br\/pt_br\/wp-json\/wp\/v2\/pages"}],"about":[{"href":"http:\/\/mvlaw.adv.br\/pt_br\/wp-json\/wp\/v2\/types\/page"}],"author":[{"embeddable":true,"href":"http:\/\/mvlaw.adv.br\/pt_br\/wp-json\/wp\/v2\/users\/1"}],"replies":[{"embeddable":true,"href":"http:\/\/mvlaw.adv.br\/pt_br\/wp-json\/wp\/v2\/comments?post=5664"}],"version-history":[{"count":13,"href":"http:\/\/mvlaw.adv.br\/pt_br\/wp-json\/wp\/v2\/pages\/5664\/revisions"}],"predecessor-version":[{"id":5705,"href":"http:\/\/mvlaw.adv.br\/pt_br\/wp-json\/wp\/v2\/pages\/5664\/revisions\/5705"}],"up":[{"embeddable":true,"href":"http:\/\/mvlaw.adv.br\/pt_br\/wp-json\/wp\/v2\/pages\/5946"}],"wp:attachment":[{"href":"http:\/\/mvlaw.adv.br\/pt_br\/wp-json\/wp\/v2\/media?parent=5664"}],"curies":[{"name":"wp","href":"https:\/\/api.w.org\/{rel}","templated":true}]}}