{"id":1640,"date":"2022-06-09T07:26:59","date_gmt":"2022-06-09T07:26:59","guid":{"rendered":"https:\/\/mvlaw.adv.br\/?page_id=1640"},"modified":"2022-06-13T21:47:43","modified_gmt":"2022-06-13T21:47:43","slug":"valeria-diniz","status":"publish","type":"page","link":"http:\/\/mvlaw.adv.br\/pt_br\/valeria-diniz\/","title":{"rendered":"Val\u00e9ria Diniz"},"content":{"rendered":"<div id=\"vc_row-69ebf13701b30\" class=\"vc_row wpb_row vc_row-fluid thegem-custom-69ebf13701af45620\"><div class=\"wpb_column vc_column_container vc_col-sm-12 thegem-custom-69ebf13701d747882\"><div class=\"vc_column-inner \"><div class=\"wpb_wrapper\"><div class=\"gem-button-container gem-button-position-inline thegem-button-69ebf1370209d8045\" ><a title=\"Home\" class=\"gem-button gem-button-size-small gem-button-style-flat gem-button-text-weight-normal gem-button-icon-position-left\" style=\"border-radius: 3px;\" onmouseleave=\"\" onmouseenter=\"\" href=\"https:\/\/mvlaw.adv.br\/advogados\/\" target=\"_self\"><i class=\"gem-print-icon gem-icon-pack-elegant \">&#x38;<\/i>TODOS OS ADVOGADOS<\/a><\/div> <\/div><\/div><\/div><\/div><div id=\"vc_row-69ebf13702306\" class=\"vc_row wpb_row vc_row-fluid wpb_animate_when_almost_visible wpb_bottom-to-top bottom-to-top vc_custom_1538571025892 thegem-custom-69ebf137022e98675 vc_row-has-fill vc_row-o-equal-height vc_row-o-content-middle vc_row-flex\"><div class=\"wpb_column vc_column_container vc_col-sm-6 vc_col-lg-5 vc_col-md-6 vc_col-xs-12 thegem-custom-69ebf137024fd8868\"><div class=\"vc_column-inner vc_custom_1538570244337\"><div class=\"wpb_wrapper\">\r\n\t\r\n\t<div  class=\"wpb_single_image wpb_content_element vc_align_center  vc_custom_1654759723047\" >\r\n\t\t\r\n\t\t<figure class=\"wpb_wrapper vc_figure\">\r\n\t\t\t<div class=\"vc_single_image-wrapper   vc_box_border_grey\"><img width=\"286\" height=\"318\" src=\"http:\/\/mvlaw.adv.br\/wp-content\/uploads\/2022\/06\/Valeria_Diniz-01.jpg\" class=\"vc_single_image-img attachment-full\" alt=\"\" srcset=\"http:\/\/mvlaw.adv.br\/wp-content\/uploads\/2022\/06\/Valeria_Diniz-01.jpg 286w, http:\/\/mvlaw.adv.br\/wp-content\/uploads\/2022\/06\/Valeria_Diniz-01-270x300.jpg 270w\" sizes=\"(max-width: 286px) 100vw, 286px\" \/><\/div>\r\n\t\t<\/figure>\r\n\t<\/div>\r\n\t\r\n<\/div><\/div><\/div><div class=\"wpb_column vc_column_container vc_col-sm-6 vc_col-lg-7 vc_col-md-6 vc_col-xs-12 thegem-custom-69ebf13702f514247\"><div class=\"vc_column-inner vc_custom_1538570238593\"><div class=\"wpb_wrapper\">\r\n\t\r\n\t\t<div class=\"wpb_text_column wpb_content_element \" >\r\n\t\t\t<div class=\"wpb_wrapper\">\r\n\t\t\t\t<div class=\"title-h4\">Val\u00e9ria Diniz<\/div>\n\r\n\t\t\t<\/div>\r\n\t\t<\/div>\r\n\t\r\n<div class=\"clearboth\"><\/div><div class=\"gem-divider \" style=\"margin-top: -15px;\"><\/div>\r\n\t\r\n\t\t<div class=\"wpb_text_column wpb_content_element \" >\r\n\t\t\t<div class=\"wpb_wrapper\">\r\n\t\t\t\t<p><span style=\"color: #99a9b5;\">S\u00f3cio Advogado<\/span><\/p>\n\r\n\t\t\t<\/div>\r\n\t\t<\/div>\r\n\t\r\n<div class=\"clearboth\"><\/div><div class=\"gem-divider \" style=\"margin-top: 30px;\"><\/div>\r\n\t\r\n\t\t<div class=\"wpb_text_column wpb_content_element \" >\r\n\t\t\t<div class=\"wpb_wrapper\">\r\n\t\t\t\t<div class=\"styled-subtitle\"><a style=\"color:#000;\" href=\"tel:5521997251295\">+ 55 21 99725-1295<\/a><\/div>\n\r\n\t\t\t<\/div>\r\n\t\t<\/div>\r\n\t\r\n<div class=\"clearboth\"><\/div><div class=\"gem-divider \" style=\"margin-top: 25px;\"><\/div>\r\n\t\r\n\t\t<div class=\"wpb_text_column wpb_content_element \" >\r\n\t\t\t<div class=\"wpb_wrapper\">\r\n\t\t\t\t<p>Email: <a style=\"color:#000;\" href=\"mailto:valeria.diniz@musialvieira.adv.br\">valeria.diniz@musialvieira.adv.br<\/a><\/p>\n\r\n\t\t\t<\/div>\r\n\t\t<\/div>\r\n\t\r\n<div class=\"clearboth\"><\/div><div class=\"gem-divider \" style=\"margin-top: 25px;\"><\/div><div class=\"socials socials-list socials-colored-hover socials-rounded socials-alignment-left\"><a class=\"socials-item\" target=\"_blank\" href=\"#\" style=\"color: #ff3043;\"><i class=\"socials-item-icon facebook\" style=\"font-size: 24px\"><\/i><\/a><a class=\"socials-item\" target=\"_blank\" href=\"#\" style=\"color: #ff3043;\"><i class=\"socials-item-icon instagram\" style=\"font-size: 24px\"><\/i><\/a><a class=\"socials-item\" target=\"_blank\" href=\"#\" style=\"color: #ff3043;\"><i class=\"socials-item-icon linkedin\" style=\"font-size: 24px\"><\/i><\/a><\/div><\/div><\/div><\/div><\/div><div id=\"vc_row-69ebf13703684\" class=\"vc_row wpb_row vc_row-fluid thegem-custom-69ebf1370367a2110\"><div class=\"wpb_column vc_column_container vc_col-sm-12 thegem-custom-69ebf1370386e8085\"><div class=\"vc_column-inner \"><div class=\"wpb_wrapper\"><div class=\"clearboth\"><\/div><div class=\"gem-divider \" style=\"margin-top: 20px;\"><\/div>\r\n\t\r\n\t\t<div class=\"wpb_text_column wpb_content_element  wpb_animate_when_almost_visible wpb_bottom-to-top bottom-to-top\" >\r\n\t\t\t<div class=\"wpb_wrapper\">\r\n\t\t\t\t<p>P\u00f3s-Graduada em Direito Tribut\u00e1rio pela FGV Advogada especialista em contencioso tribut\u00e1rio, tanto administrativo quanto judicial, em todas as esferas da federa\u00e7\u00e3o (municipal, estadual e federal).<\/p>\n\r\n\t\t\t<\/div>\r\n\t\t<\/div>\r\n\t\r\n<div class=\"clearboth\"><\/div><div class=\"gem-divider \" style=\"margin-top: 20px;\"><\/div>\r\n\t\r\n\t\t<div class=\"wpb_text_column wpb_content_element  wpb_animate_when_almost_visible wpb_bottom-to-top bottom-to-top\" >\r\n\t\t\t<div class=\"wpb_wrapper\">\r\n\t\t\t\t<p>Desde 2017, tem atuado em renomados escrit\u00f3rios de advocacia, sempre com foco no Direito Tribut\u00e1rio, mas tamb\u00e9m contando com experi\u00eancia em Direito Empresarial e C\u00edvel.<\/p>\n\r\n\t\t\t<\/div>\r\n\t\t<\/div>\r\n\t\r\n<div class=\"clearboth\"><\/div><div class=\"gem-divider \" style=\"margin-top: 50px;\"><\/div><div class=\"clearboth\"><\/div><div class=\"gem-divider \" style=\"margin-top: 50px;\"><\/div><\/div><\/div><\/div><\/div>\n","protected":false},"excerpt":{"rendered":"","protected":false},"author":1,"featured_media":0,"parent":0,"menu_order":0,"comment_status":"closed","ping_status":"closed","template":"","meta":[],"_links":{"self":[{"href":"http:\/\/mvlaw.adv.br\/pt_br\/wp-json\/wp\/v2\/pages\/1640"}],"collection":[{"href":"http:\/\/mvlaw.adv.br\/pt_br\/wp-json\/wp\/v2\/pages"}],"about":[{"href":"http:\/\/mvlaw.adv.br\/pt_br\/wp-json\/wp\/v2\/types\/page"}],"author":[{"embeddable":true,"href":"http:\/\/mvlaw.adv.br\/pt_br\/wp-json\/wp\/v2\/users\/1"}],"replies":[{"embeddable":true,"href":"http:\/\/mvlaw.adv.br\/pt_br\/wp-json\/wp\/v2\/comments?post=1640"}],"version-history":[{"count":4,"href":"http:\/\/mvlaw.adv.br\/pt_br\/wp-json\/wp\/v2\/pages\/1640\/revisions"}],"predecessor-version":[{"id":5828,"href":"http:\/\/mvlaw.adv.br\/pt_br\/wp-json\/wp\/v2\/pages\/1640\/revisions\/5828"}],"wp:attachment":[{"href":"http:\/\/mvlaw.adv.br\/pt_br\/wp-json\/wp\/v2\/media?parent=1640"}],"curies":[{"name":"wp","href":"https:\/\/api.w.org\/{rel}","templated":true}]}}