{"id":1635,"date":"2022-06-09T07:18:12","date_gmt":"2022-06-09T07:18:12","guid":{"rendered":"https:\/\/mvlaw.adv.br\/?page_id=1635"},"modified":"2022-06-13T21:47:01","modified_gmt":"2022-06-13T21:47:01","slug":"ully-holube","status":"publish","type":"page","link":"http:\/\/mvlaw.adv.br\/pt_br\/ully-holube\/","title":{"rendered":"Ully Holube"},"content":{"rendered":"<div id=\"vc_row-69ebf1366e7d1\" class=\"vc_row wpb_row vc_row-fluid thegem-custom-69ebf1366e7bb5844\"><div class=\"wpb_column vc_column_container vc_col-sm-12 thegem-custom-69ebf1366ea5d92\"><div class=\"vc_column-inner \"><div class=\"wpb_wrapper\"><div class=\"gem-button-container gem-button-position-inline thegem-button-69ebf1366ed265975\" ><a title=\"Home\" class=\"gem-button gem-button-size-small gem-button-style-flat gem-button-text-weight-normal gem-button-icon-position-left\" style=\"border-radius: 3px;\" onmouseleave=\"\" onmouseenter=\"\" href=\"https:\/\/mvlaw.adv.br\/advogados\/\" target=\"_self\"><i class=\"gem-print-icon gem-icon-pack-elegant \">&#x38;<\/i>TODOS OS ADVOGADOS<\/a><\/div> <\/div><\/div><\/div><\/div><div id=\"vc_row-69ebf1366efeb\" class=\"vc_row wpb_row vc_row-fluid wpb_animate_when_almost_visible wpb_bottom-to-top bottom-to-top vc_custom_1538571025892 thegem-custom-69ebf1366efcb4836 vc_row-has-fill vc_row-o-equal-height vc_row-o-content-middle vc_row-flex\"><div class=\"wpb_column vc_column_container vc_col-sm-6 vc_col-lg-5 vc_col-md-6 vc_col-xs-12 thegem-custom-69ebf1366f19a7083\"><div class=\"vc_column-inner vc_custom_1538570244337\"><div class=\"wpb_wrapper\">\r\n\t\r\n\t<div  class=\"wpb_single_image wpb_content_element vc_align_center  vc_custom_1654760358298\" >\r\n\t\t\r\n\t\t<figure class=\"wpb_wrapper vc_figure\">\r\n\t\t\t<div class=\"vc_single_image-wrapper   vc_box_border_grey\"><img width=\"286\" height=\"318\" src=\"http:\/\/mvlaw.adv.br\/wp-content\/uploads\/2022\/06\/Ully-Holube-01.jpg\" class=\"vc_single_image-img attachment-full\" alt=\"\" srcset=\"http:\/\/mvlaw.adv.br\/wp-content\/uploads\/2022\/06\/Ully-Holube-01.jpg 286w, http:\/\/mvlaw.adv.br\/wp-content\/uploads\/2022\/06\/Ully-Holube-01-270x300.jpg 270w\" sizes=\"(max-width: 286px) 100vw, 286px\" \/><\/div>\r\n\t\t<\/figure>\r\n\t<\/div>\r\n\t\r\n<\/div><\/div><\/div><div class=\"wpb_column vc_column_container vc_col-sm-6 vc_col-lg-7 vc_col-md-6 vc_col-xs-12 thegem-custom-69ebf1366fbd91434\"><div class=\"vc_column-inner vc_custom_1538570238593\"><div class=\"wpb_wrapper\">\r\n\t\r\n\t\t<div class=\"wpb_text_column wpb_content_element \" >\r\n\t\t\t<div class=\"wpb_wrapper\">\r\n\t\t\t\t<div class=\"title-h4\">Ully Holube<\/div>\n\r\n\t\t\t<\/div>\r\n\t\t<\/div>\r\n\t\r\n<div class=\"clearboth\"><\/div><div class=\"gem-divider \" style=\"margin-top: -15px;\"><\/div>\r\n\t\r\n\t\t<div class=\"wpb_text_column wpb_content_element \" >\r\n\t\t\t<div class=\"wpb_wrapper\">\r\n\t\t\t\t<p><span style=\"color: #99a9b5;\">S\u00f3cio Advogado<\/span><\/p>\n\r\n\t\t\t<\/div>\r\n\t\t<\/div>\r\n\t\r\n<div class=\"clearboth\"><\/div><div class=\"gem-divider \" style=\"margin-top: 30px;\"><\/div>\r\n\t\r\n\t\t<div class=\"wpb_text_column wpb_content_element \" >\r\n\t\t\t<div class=\"wpb_wrapper\">\r\n\t\t\t\t<div class=\"styled-subtitle\"><a style=\"color:#000;\" href=\"tel:5519997725532\">+ 55 19 99772-5532<\/a><\/div>\n\r\n\t\t\t<\/div>\r\n\t\t<\/div>\r\n\t\r\n<div class=\"clearboth\"><\/div><div class=\"gem-divider \" style=\"margin-top: 25px;\"><\/div>\r\n\t\r\n\t\t<div class=\"wpb_text_column wpb_content_element \" >\r\n\t\t\t<div class=\"wpb_wrapper\">\r\n\t\t\t\t<p>Email: <a style=\"color:#000;\" href=\"mailto:ully.holube@musialvieira.adv.br\">ully.holube@musialvieira.adv.br<\/a><\/p>\n\r\n\t\t\t<\/div>\r\n\t\t<\/div>\r\n\t\r\n<div class=\"clearboth\"><\/div><div class=\"gem-divider \" style=\"margin-top: 25px;\"><\/div><div class=\"socials socials-list socials-colored-hover socials-rounded socials-alignment-left\"><a class=\"socials-item\" target=\"_blank\" href=\"#\" style=\"color: #ff3043;\"><i class=\"socials-item-icon facebook\" style=\"font-size: 24px\"><\/i><\/a><a class=\"socials-item\" target=\"_blank\" href=\"#\" style=\"color: #ff3043;\"><i class=\"socials-item-icon instagram\" style=\"font-size: 24px\"><\/i><\/a><a class=\"socials-item\" target=\"_blank\" href=\"#\" style=\"color: #ff3043;\"><i class=\"socials-item-icon linkedin\" style=\"font-size: 24px\"><\/i><\/a><\/div><\/div><\/div><\/div><\/div><div id=\"vc_row-69ebf13670618\" class=\"vc_row wpb_row vc_row-fluid thegem-custom-69ebf136706096259\"><div class=\"wpb_column vc_column_container vc_col-sm-12 thegem-custom-69ebf136708965525\"><div class=\"vc_column-inner \"><div class=\"wpb_wrapper\"><div class=\"clearboth\"><\/div><div class=\"gem-divider \" style=\"margin-top: 20px;\"><\/div>\r\n\t\r\n\t\t<div class=\"wpb_text_column wpb_content_element  wpb_animate_when_almost_visible wpb_bottom-to-top bottom-to-top\" >\r\n\t\t\t<div class=\"wpb_wrapper\">\r\n\t\t\t\t<p>P\u00f3s-Graduanda em Direito Tribut\u00e1rio, possuindo atua\u00e7\u00e3o nos ramos tribut\u00e1rio, aduaneiro, consultivo e contencioso, tanto na esfera judicial quanto administrativa (Municipal, Estadual e Federal), com hist\u00f3rico de lideran\u00e7a na gest\u00e3o de projetos de cunho operacional e financeiro e no desenvolvimento de planos estrat\u00e9gicos embasados na an\u00e1lise da legisla\u00e7\u00e3o e nas situa\u00e7\u00f5es f\u00e1ticas pontuais de empresas de pequeno, m\u00e9dio e grande porte.<\/p>\n\r\n\t\t\t<\/div>\r\n\t\t<\/div>\r\n\t\r\n<div class=\"clearboth\"><\/div><div class=\"gem-divider \" style=\"margin-top: 20px;\"><\/div>\r\n\t\r\n\t\t<div class=\"wpb_text_column wpb_content_element  wpb_animate_when_almost_visible wpb_bottom-to-top bottom-to-top\" >\r\n\t\t\t<div class=\"wpb_wrapper\">\r\n\t\t\t\t<p>A sua pr\u00e1tica tamb\u00e9m abrange elabora\u00e7\u00e3o e apresenta\u00e7\u00e3o de pareceres e relat\u00f3rios, bem como defini\u00e7\u00f5es de estrat\u00e9gias nas correlatas \u00e1reas de atua\u00e7\u00e3o. Det\u00e9m vasta experi\u00eancia em despachos e sustenta\u00e7\u00e3o oral em Primeira Inst\u00e2ncia, Tribunais Regionais e Tribunais Superiores.<\/p>\n\r\n\t\t\t<\/div>\r\n\t\t<\/div>\r\n\t\r\n<div class=\"clearboth\"><\/div><div class=\"gem-divider \" style=\"margin-top: 50px;\"><\/div><div class=\"clearboth\"><\/div><div class=\"gem-divider \" style=\"margin-top: 50px;\"><\/div><\/div><\/div><\/div><\/div>\n","protected":false},"excerpt":{"rendered":"","protected":false},"author":1,"featured_media":0,"parent":0,"menu_order":0,"comment_status":"closed","ping_status":"closed","template":"","meta":[],"_links":{"self":[{"href":"http:\/\/mvlaw.adv.br\/pt_br\/wp-json\/wp\/v2\/pages\/1635"}],"collection":[{"href":"http:\/\/mvlaw.adv.br\/pt_br\/wp-json\/wp\/v2\/pages"}],"about":[{"href":"http:\/\/mvlaw.adv.br\/pt_br\/wp-json\/wp\/v2\/types\/page"}],"author":[{"embeddable":true,"href":"http:\/\/mvlaw.adv.br\/pt_br\/wp-json\/wp\/v2\/users\/1"}],"replies":[{"embeddable":true,"href":"http:\/\/mvlaw.adv.br\/pt_br\/wp-json\/wp\/v2\/comments?post=1635"}],"version-history":[{"count":6,"href":"http:\/\/mvlaw.adv.br\/pt_br\/wp-json\/wp\/v2\/pages\/1635\/revisions"}],"predecessor-version":[{"id":5827,"href":"http:\/\/mvlaw.adv.br\/pt_br\/wp-json\/wp\/v2\/pages\/1635\/revisions\/5827"}],"wp:attachment":[{"href":"http:\/\/mvlaw.adv.br\/pt_br\/wp-json\/wp\/v2\/media?parent=1635"}],"curies":[{"name":"wp","href":"https:\/\/api.w.org\/{rel}","templated":true}]}}