{"id":5716,"date":"2022-06-10T23:55:09","date_gmt":"2022-06-10T23:55:09","guid":{"rendered":"https:\/\/mvlaw.adv.br\/?page_id=5716"},"modified":"2022-06-27T16:51:07","modified_gmt":"2022-06-27T16:51:07","slug":"direito-societario-e-ma","status":"publish","type":"page","link":"http:\/\/mvlaw.adv.br\/en\/areas-de-atuacao\/direito-societario-e-ma\/","title":{"rendered":"Direito Societ\u00e1rio e M&#038;A"},"content":{"rendered":"<div id=\"vc_row-69ebc3aea2419\" class=\"vc_row wpb_row vc_row-fluid vc_custom_1654904994849 thegem-custom-69ebc3aea23f75289\"><div class=\"wpb_column vc_column_container vc_col-sm-12 thegem-custom-69ebc3aea25f73986\"><div class=\"vc_column-inner\"><div class=\"wpb_wrapper\">\r\n\t\r\n\t\t<div class=\"wpb_text_column wpb_content_element\" >\r\n\t\t\t<div class=\"wpb_wrapper\">\r\n\t\t\t\t<h3 style=\"text-align: center;\"><span style=\"color: #ff3043;\">ASSESSORIA<\/span> DE EMPRESAS E INVESTIDORES<\/h3>\n\r\n\t\t\t<\/div>\r\n\t\t<\/div>\r\n\t\r\n<\/div><\/div><\/div><\/div><div class=\"vc_row-full-width-before\"><\/div><div id=\"vc_row-69ebc3aea2b34\" data-vc-full-width=\"true\" data-vc-full-width-init=\"false\" class=\"vc_row wpb_row vc_row-fluid vc_custom_1543234784911 thegem-custom-69ebc3aea2b244823\"><script type=\"text\/javascript\">if (typeof(gem_fix_fullwidth_position) == \"function\") { gem_fix_fullwidth_position(document.getElementById(\"vc_row-69ebc3aea2b34\")); }<\/script><div class=\"wpb_column vc_column_container vc_col-sm-6 thegem-custom-69ebc3aea2cc43204\"><div class=\"vc_column-inner\"><div class=\"wpb_wrapper\"><div class=\"gem-list gem-list-type-check-style-1 gem-list-color-2\" ><ul>\n<li>Auxiliamos nossos clientes (residentes ou investidores estrangeiros) na estrutura\u00e7\u00e3o de op\u00e7\u00f5es de baixa, m\u00e9dia e alta complexidade, tanto para compra ou venda de empresas quanto para constitui\u00e7\u00e3o de joint ventures, Sociedades em Conta de Participa\u00e7\u00e3o ou reestrutura\u00e7\u00f5es societ\u00e1rias em geral.<\/li>\n<li>Temos forte atua\u00e7\u00e3o e experi\u00eancia na condu\u00e7\u00e3o de auditorias legais (due diligences) para compra ou venda de ativos e participa\u00e7\u00f5es societ\u00e1rias.<\/li>\n<\/ul>\n<\/div><\/div><\/div><\/div><div class=\"wpb_column vc_column_container vc_col-sm-6 thegem-custom-69ebc3aea2e876656\"><div class=\"vc_column-inner\"><div class=\"wpb_wrapper\"><div class=\"gem-list gem-list-type-check-style-1 gem-list-color-2\" ><ul>\n<li>Prestamos servi\u00e7os jur\u00eddicos inerentes \u00e0s opera\u00e7\u00f5es societ\u00e1rias, como elabora\u00e7\u00f5es de atos constitutivos (estatutos e contratos sociais), altera\u00e7\u00f5es de documentos societ\u00e1rios, atas referentes a assembleias de acionistas e reuni\u00f5es de s\u00f3cios, conselhos de administra\u00e7\u00e3o, dentre outras.<\/li>\n<\/ul>\n<\/div><\/div><\/div><\/div><\/div><div class=\"vc_row-full-width vc_clearfix\"><\/div><div class=\"vc_row-full-width-before\"><\/div><div id=\"vc_row-69ebc3aea30fa\" data-vc-full-width=\"true\" data-vc-full-width-init=\"false\" class=\"vc_row wpb_row vc_row-fluid vc_custom_1656347532182 thegem-custom-69ebc3aea30e74465 vc_row-has-fill\"><script type=\"text\/javascript\">if (typeof(gem_fix_fullwidth_position) == \"function\") { gem_fix_fullwidth_position(document.getElementById(\"vc_row-69ebc3aea30fa\")); }<\/script><div class=\"wpb_column vc_column_container vc_col-sm-12 thegem-custom-69ebc3aea32617208\"><div class=\"vc_column-inner\"><div class=\"wpb_wrapper\">\r\n\t\r\n\t\t<div class=\"wpb_text_column wpb_content_element  wpb_animate_when_almost_visible wpb_bottom-to-top bottom-to-top\" >\r\n\t\t\t<div class=\"wpb_wrapper\">\r\n\t\t\t\t<h1 style=\"text-align: center;\"><span style=\"color: #ffffff;\">todas as \u00c1REAS<\/span><\/h1>\n\r\n\t\t\t<\/div>\r\n\t\t<\/div>\r\n\t\r\n<div class=\"clearboth\"><\/div><div class=\"gem-divider\" style=\"margin-top: 50px;\"><\/div><div class=\"quickfinder quickfinder-style-classic row inline-row quickfinder-icon-position-top quickfinder-alignment-center quickfinder-title-thin\" data-hover-icon-color=\"#c9e265\" data-hover-box-color=\"rgba(32,37,52,0.8)\" data-hover-button-text-color=\"#ffffff\"><div id=\"post-1119\" data-ll-finish-delay=\"200\" class=\"quickfinder-item inline-column col-md-3 col-xs-6 quickfinder-item-effect-simple icon-size-medium quickfinder-box-style-solid lazy-loading post-1119 thegem_qf_item type-thegem_qf_item status-publish\" data-ll-item-delay=\"0\"> <div class=\"quickfinder-item-box\" style=\"background-color: rgba(32,37,52,0.6);\"> <div class=\"quickfinder-item-inner\"> <div class=\"quickfinder-item-image\"> <div class=\"quickfinder-item-image-content lazy-loading-item\" data-ll-item-delay=\"0\" data-ll-effect=\"clip\"> <div class=\"quickfinder-item-image-wrapper\"> <div class=\"gem-icon gem-icon-pack-material gem-icon-size-medium gem-icon-shape-circle gem-simple-icon\" style=\"opacity: 1;\"><div class=\"gem-icon-inner\" style=\"\"><span class=\"gem-icon-half-1\" style=\"color: #ffffff;\"><span class=\"back-angle\">&#xf272;<\/span><\/span><span class=\"gem-icon-half-2\" style=\"color: #ffffff;\"><span class=\"back-angle\">&#xf272;<\/span><\/span><\/div><\/div> <\/div> <\/div> <\/div> <div class=\"quickfinder-item-info-wrapper\"> <div class=\"quickfinder-item-info lazy-loading-item\" data-ll-item-delay=\"200\" data-ll-effect=\"fading\"> <div class=\"quickfinder-item-title\" style=\"color: #ffffff;\">Direito Tribut\u00e1rio<\/div> <div class=\"quickfinder-item-text\" style=\"color: #ffffff;\">Atuamos no contencioso fiscal Federal, Estadual e<br \/>\nMunicipal em todas as Unidades Federadas, nas esferas Administrativas e Judiciais.<\/div> <div class=\"gem-button-container gem-button-position-inline thegem-button-69ebc3aea43d09422 quickfinder-button\" ><a class=\"gem-button gem-button-size-small gem-button-style-flat gem-button-text-weight-normal\" style=\"border-radius: 5px;background-color: #ff3043;color: #ffffff;\" onmouseleave=\"this.style.backgroundColor='#ff3043';this.style.color='#ffffff';\" onmouseenter=\"\" href=\"#\" target=\"_self\">ACESSE<\/a><\/div> <\/div> <\/div> <\/div> <\/div> <a href=\"https:\/\/mvlaw.adv.br\/en\/direito-tributario\/\" target=\"_self\" class=\"quickfinder-item-link\"><\/a> <\/div> <div id=\"post-1123\" data-ll-finish-delay=\"200\" class=\"quickfinder-item inline-column col-md-3 col-xs-6 quickfinder-item-effect-simple icon-size-medium quickfinder-box-style-solid lazy-loading post-1123 thegem_qf_item type-thegem_qf_item status-publish\" data-ll-item-delay=\"0\"> <div class=\"quickfinder-item-box\" style=\"background-color: rgba(32,37,52,0.6);\"> <div class=\"quickfinder-item-inner\"> <div class=\"quickfinder-item-image\"> <div class=\"quickfinder-item-image-content lazy-loading-item\" data-ll-item-delay=\"0\" data-ll-effect=\"clip\"> <div class=\"quickfinder-item-image-wrapper\"> <div class=\"gem-icon gem-icon-pack-material gem-icon-size-medium gem-icon-shape-circle gem-simple-icon\" style=\"opacity: 1;\"><div class=\"gem-icon-inner\" style=\"\"><span class=\"gem-icon-half-1\" style=\"color: #ffffff;\"><span class=\"back-angle\">&#xf1fa;<\/span><\/span><span class=\"gem-icon-half-2\" style=\"color: #ffffff;\"><span class=\"back-angle\">&#xf1fa;<\/span><\/span><\/div><\/div> <\/div> <\/div> <\/div> <div class=\"quickfinder-item-info-wrapper\"> <div class=\"quickfinder-item-info lazy-loading-item\" data-ll-item-delay=\"200\" data-ll-effect=\"fading\"> <div class=\"quickfinder-item-title\" style=\"color: #ffffff;\">Previdenci\u00e1rio<\/div> <div class=\"quickfinder-item-text\" style=\"color: #ffffff;\">Prestamos consultoria em mat\u00e9ria previdenci\u00e1ria no<br \/>\nque respeita \u00e0 revis\u00e3o, elabora\u00e7\u00e3o e implementa\u00e7\u00e3o de pol\u00edticas de remunera\u00e7\u00e3o das empresas.<\/div> <div class=\"gem-button-container gem-button-position-inline thegem-button-69ebc3aea47181897 quickfinder-button\" ><a class=\"gem-button gem-button-size-small gem-button-style-flat gem-button-text-weight-normal\" style=\"border-radius: 5px;background-color: #ff3043;color: #ffffff;\" onmouseleave=\"this.style.backgroundColor='#ff3043';this.style.color='#ffffff';\" onmouseenter=\"\" href=\"#\" target=\"_self\">ACESSE<\/a><\/div> <\/div> <\/div> <\/div> <\/div> <a href=\"https:\/\/mvlaw.adv.br\/en\/direito-previdenciario\/\" target=\"_self\" class=\"quickfinder-item-link\"><\/a> <\/div> <div id=\"post-1124\" data-ll-finish-delay=\"200\" class=\"quickfinder-item inline-column col-md-3 col-xs-6 quickfinder-item-effect-simple icon-size-medium quickfinder-box-style-solid lazy-loading post-1124 thegem_qf_item type-thegem_qf_item status-publish\" data-ll-item-delay=\"0\"> <div class=\"quickfinder-item-box\" style=\"background-color: rgba(32,37,52,0.6);\"> <div class=\"quickfinder-item-inner\"> <div class=\"quickfinder-item-image\"> <div class=\"quickfinder-item-image-content lazy-loading-item\" data-ll-item-delay=\"0\" data-ll-effect=\"clip\"> <div class=\"quickfinder-item-image-wrapper\"> <div class=\"gem-icon gem-icon-pack-material gem-icon-size-medium gem-icon-shape-circle gem-simple-icon\" style=\"opacity: 1;\"><div class=\"gem-icon-inner\" style=\"\"><span class=\"gem-icon-half-1\" style=\"color: #ffffff;\"><span class=\"back-angle\">&#xf10a;<\/span><\/span><span class=\"gem-icon-half-2\" style=\"color: #ffffff;\"><span class=\"back-angle\">&#xf10a;<\/span><\/span><\/div><\/div> <\/div> <\/div> <\/div> <div class=\"quickfinder-item-info-wrapper\"> <div class=\"quickfinder-item-info lazy-loading-item\" data-ll-item-delay=\"200\" data-ll-effect=\"fading\"> <div class=\"quickfinder-item-title\" style=\"color: #ffffff;\">Societ\u00e1rio e M&#038;A<\/div> <div class=\"quickfinder-item-text\" style=\"color: #ffffff;\">Auxiliamos nossos clientes na estrutura\u00e7\u00e3o de op\u00e7\u00f5es de baixa, m\u00e9dia e alta complexidade, tanto para compra ou venda.<br \/>\n<br \/>\n<\/div> <div class=\"gem-button-container gem-button-position-inline thegem-button-69ebc3aea4a2f7629 quickfinder-button\" ><a class=\"gem-button gem-button-size-small gem-button-style-flat gem-button-text-weight-normal\" style=\"border-radius: 5px;background-color: #ff3043;color: #ffffff;\" onmouseleave=\"this.style.backgroundColor='#ff3043';this.style.color='#ffffff';\" onmouseenter=\"\" href=\"#\" target=\"_self\">ACESSE<\/a><\/div> <\/div> <\/div> <\/div> <\/div> <a href=\"https:\/\/mvlaw.adv.br\/en\/direito-societario-e-ma\/\" target=\"_self\" class=\"quickfinder-item-link\"><\/a> <\/div> <div id=\"post-1403\" data-ll-finish-delay=\"200\" class=\"quickfinder-item inline-column col-md-3 col-xs-6 quickfinder-item-effect-simple icon-size-medium quickfinder-box-style-solid lazy-loading post-1403 thegem_qf_item type-thegem_qf_item status-publish\" data-ll-item-delay=\"0\"> <div class=\"quickfinder-item-box\" style=\"background-color: rgba(32,37,52,0.6);\"> <div class=\"quickfinder-item-inner\"> <div class=\"quickfinder-item-image\"> <div class=\"quickfinder-item-image-content lazy-loading-item\" data-ll-item-delay=\"0\" data-ll-effect=\"clip\"> <div class=\"quickfinder-item-image-wrapper\"> <div class=\"gem-icon gem-icon-pack-material gem-icon-size-medium gem-icon-shape-circle gem-simple-icon\" style=\"opacity: 1;\"><div class=\"gem-icon-inner\" style=\"\"><span class=\"gem-icon-half-1\" style=\"color: #ffffff;\"><span class=\"back-angle\">&#xf45e;<\/span><\/span><span class=\"gem-icon-half-2\" style=\"color: #ffffff;\"><span class=\"back-angle\">&#xf45e;<\/span><\/span><\/div><\/div> <\/div> <\/div> <\/div> <div class=\"quickfinder-item-info-wrapper\"> <div class=\"quickfinder-item-info lazy-loading-item\" data-ll-item-delay=\"200\" data-ll-effect=\"fading\"> <div class=\"quickfinder-item-title\" style=\"color: #ffffff;\">Aduaneiro<\/div> <div class=\"quickfinder-item-text\" style=\"color: #ffffff;\">Patrocinamos processos administrativos e judiciais relacionados ao Direito Aduaneiro.<br \/>\n<br \/>\n<br \/>\n<\/div> <div class=\"gem-button-container gem-button-position-inline thegem-button-69ebc3aea4cf12139 quickfinder-button\" ><a class=\"gem-button gem-button-size-small gem-button-style-flat gem-button-text-weight-normal\" style=\"border-radius: 5px;background-color: #ff3043;color: #ffffff;\" onmouseleave=\"this.style.backgroundColor='#ff3043';this.style.color='#ffffff';\" onmouseenter=\"\" href=\"#\" target=\"_self\">ACESSE<\/a><\/div> <\/div> <\/div> <\/div> <\/div> <a href=\"https:\/\/mvlaw.adv.br\/en\/direito-aduaneiro\/\" target=\"_self\" class=\"quickfinder-item-link\"><\/a> <\/div> <\/div><\/div><\/div><\/div><\/div><div class=\"vc_row-full-width vc_clearfix\"><\/div>","protected":false},"excerpt":{"rendered":"","protected":false},"author":1,"featured_media":0,"parent":5946,"menu_order":0,"comment_status":"closed","ping_status":"closed","template":"","meta":[],"_links":{"self":[{"href":"http:\/\/mvlaw.adv.br\/en\/wp-json\/wp\/v2\/pages\/5716"}],"collection":[{"href":"http:\/\/mvlaw.adv.br\/en\/wp-json\/wp\/v2\/pages"}],"about":[{"href":"http:\/\/mvlaw.adv.br\/en\/wp-json\/wp\/v2\/types\/page"}],"author":[{"embeddable":true,"href":"http:\/\/mvlaw.adv.br\/en\/wp-json\/wp\/v2\/users\/1"}],"replies":[{"embeddable":true,"href":"http:\/\/mvlaw.adv.br\/en\/wp-json\/wp\/v2\/comments?post=5716"}],"version-history":[{"count":4,"href":"http:\/\/mvlaw.adv.br\/en\/wp-json\/wp\/v2\/pages\/5716\/revisions"}],"predecessor-version":[{"id":5944,"href":"http:\/\/mvlaw.adv.br\/en\/wp-json\/wp\/v2\/pages\/5716\/revisions\/5944"}],"up":[{"embeddable":true,"href":"http:\/\/mvlaw.adv.br\/en\/wp-json\/wp\/v2\/pages\/5946"}],"wp:attachment":[{"href":"http:\/\/mvlaw.adv.br\/en\/wp-json\/wp\/v2\/media?parent=5716"}],"curies":[{"name":"wp","href":"https:\/\/api.w.org\/{rel}","templated":true}]}}