{"id":447,"date":"2022-06-08T04:51:22","date_gmt":"2022-06-08T04:51:22","guid":{"rendered":"http:\/\/democontent.codex-themes.com\/sites\/law-company\/news-page-2\/"},"modified":"2022-09-12T15:07:17","modified_gmt":"2022-09-12T15:07:17","slug":"escritorio","status":"publish","type":"page","link":"http:\/\/mvlaw.adv.br\/en\/escritorio\/","title":{"rendered":"Escrit\u00f3rio"},"content":{"rendered":"<div class=\"vc_row-full-width-before\"><\/div><div id=\"vc_row-69ebc34ea3b32\" data-vc-full-width=\"true\" data-vc-full-width-init=\"false\" class=\"vc_row wpb_row vc_row-fluid vc_custom_1654769220380 thegem-custom-69ebc34ea3b1b8183 vc_row-has-fill\"><script type=\"text\/javascript\">if (typeof(gem_fix_fullwidth_position) == \"function\") { gem_fix_fullwidth_position(document.getElementById(\"vc_row-69ebc34ea3b32\")); }<\/script><div class=\"wpb_column vc_column_container vc_col-sm-12 vc_col-lg-6 vc_col-md-6 vc_col-xs-12 thegem-custom-69ebc34ea3dc27574 vc_col-has-fill\"><div class=\"vc_column-inner vc_custom_1656114369269\"><div class=\"wpb_wrapper\">\r\n\t\r\n\t\t<div class=\"wpb_text_column wpb_content_element  wpb_animate_when_almost_visible wpb_bottom-to-top bottom-to-top vc_custom_1654872035182\" >\r\n\t\t\t<div class=\"wpb_wrapper\">\r\n\t\t\t\t<div class=\"title-h1\">\n<h2>O Escrit\u00f3rio<\/h2>\n<\/div>\n\r\n\t\t\t<\/div>\r\n\t\t<\/div>\r\n\t\r\n<div class=\"clearboth\"><\/div><div class=\"gem-divider\" style=\"margin-top: 30px;\"><\/div>\r\n\t\r\n\t\t<div class=\"wpb_text_column wpb_content_element  wpb_animate_when_almost_visible wpb_bottom-to-top bottom-to-top vc_custom_1654872014268\" >\r\n\t\t\t<div class=\"wpb_wrapper\">\r\n\t\t\t\t<div class=\"title-h3\"><span class=\"light\">ATUAMOS DE FORMA CUSTOMIZADA, COM \u00caNFASE NAS \u00c1REAS TRIBUT\u00c1RIA, EMPRESARIAL, GEST\u00c3O PATRIMONIAL E SUCESS\u00d5ES, CONTENCIOSO, REESTRUTURA\u00c7\u00c3O E CONTRATOS<\/span><\/div>\n\r\n\t\t\t<\/div>\r\n\t\t<\/div>\r\n\t\r\n<div class=\"clearboth\"><\/div><div class=\"gem-divider\" style=\"margin-top: 30px;\"><\/div>\r\n\t\r\n\t\t<div class=\"wpb_text_column wpb_content_element  wpb_animate_when_almost_visible wpb_bottom-to-top bottom-to-top vc_custom_1656112424499\" >\r\n\t\t\t<div class=\"wpb_wrapper\">\r\n\t\t\t\t<p>Fundado em 2019, MV Law representa a uni\u00e3o de profissionais com experi\u00eancias nacionais e internacionais complementares (egressos de Big Four e escrit\u00f3rios de grande porte).<\/p>\n\r\n\t\t\t<\/div>\r\n\t\t<\/div>\r\n\t\r\n\r\n\t\r\n\t\t<div class=\"wpb_text_column wpb_content_element  wpb_animate_when_almost_visible wpb_bottom-to-top bottom-to-top vc_custom_1656114475118\" >\r\n\t\t\t<div class=\"wpb_wrapper\">\r\n\t\t\t\t<p>Todos com profundo conhecimento sobre os mais diversos segmentos econ\u00f4micos e \u00e1reas do Direito. A vis\u00e3o multissetorial do MV Law integra a matriz, no Rio de Janeiro, \u00e0 unidade em S\u00e3o Paulo, bem como aos correspondentes localizados em praticamente todos os Estados do Brasil. Prestando assessoria jur\u00eddica aos mais diversos segmentos da economia, proporciona aos seus profissionais e clientes a oportunidade de lidarem constantemente com o que de mais importante acontece no Pa\u00eds. econ\u00f4micos e \u00e1reas do Direito<\/p>\n\r\n\t\t\t<\/div>\r\n\t\t<\/div>\r\n\t\r\n<div class=\"clearboth\"><\/div><div class=\"gem-divider\" style=\"margin-top: 50px;\"><\/div><div class=\"clearboth\"><\/div><div class=\"gem-divider\" style=\"margin-top: 30px;\"><\/div><\/div><\/div><\/div><div class=\"wpb_column vc_column_container vc_col-sm-12 vc_col-lg-6 vc_col-md-6 vc_col-xs-12 thegem-custom-69ebc34ea46808129 disable-custom-paggings-tablet disable-custom-paggings-mobile\"><div class=\"vc_column-inner vc_custom_1656114433917\"><div class=\"wpb_wrapper\">\r\n\t\r\n\t<div  class=\"wpb_single_image wpb_content_element vc_align_left  vc_custom_1654910511589\" >\r\n\t\t\r\n\t\t<figure class=\"wpb_wrapper vc_figure\">\r\n\t\t\t<div class=\"vc_single_image-wrapper   vc_box_border_grey\"><img width=\"567\" height=\"450\" src=\"http:\/\/mvlaw.adv.br\/wp-content\/uploads\/2018\/09\/2-2.jpg\" class=\"vc_single_image-img attachment-large\" alt=\"\" srcset=\"http:\/\/mvlaw.adv.br\/wp-content\/uploads\/2018\/09\/2-2.jpg 567w, http:\/\/mvlaw.adv.br\/wp-content\/uploads\/2018\/09\/2-2-300x238.jpg 300w\" sizes=\"(max-width: 567px) 100vw, 567px\" \/><\/div>\r\n\t\t<\/figure>\r\n\t<\/div>\r\n\t\r\n<\/div><\/div><\/div><\/div><div class=\"vc_row-full-width vc_clearfix\"><\/div><div class=\"vc_row-full-width-before\"><\/div><div id=\"vc_row-69ebc34ea530e\" data-vc-full-width=\"true\" data-vc-full-width-init=\"false\" data-vc-stretch-content=\"true\" class=\"vc_row wpb_row vc_row-fluid vc_custom_1654667123622 thegem-custom-69ebc34ea52fc7948 vc_row-o-equal-height vc_row-o-content-top vc_row-flex\"><script type=\"text\/javascript\">if (typeof(gem_fix_fullwidth_position) == \"function\") { gem_fix_fullwidth_position(document.getElementById(\"vc_row-69ebc34ea530e\")); }<\/script><div class=\"wpb_column vc_column_container vc_col-sm-12 vc_col-lg-6 vc_col-md-12 vc_col-xs-12 thegem-custom-69ebc34ea55259933 vc_col-has-fill\"><div class=\"vc_column-inner vc_custom_1655144199906\"><div class=\"wpb_wrapper\"><\/div><\/div><\/div><div class=\"wpb_column vc_column_container vc_col-sm-12 vc_col-lg-6 vc_col-md-12 vc_col-xs-12 thegem-custom-69ebc34ea56bb2219\"><div class=\"vc_column-inner vc_custom_1540472569121\"><div class=\"wpb_wrapper\">\r\n\t\r\n\t\t<div class=\"wpb_text_column wpb_content_element  wpb_animate_when_almost_visible wpb_bottom-to-top bottom-to-top vc_custom_1654769048375\" >\r\n\t\t\t<div class=\"wpb_wrapper\">\r\n\t\t\t\t<div class=\"title-h2\"><span style=\"color: #ff3043;\">quem somos<\/span><\/div>\n\r\n\t\t\t<\/div>\r\n\t\t<\/div>\r\n\t\r\n\r\n\t\r\n\t\t<div class=\"wpb_text_column wpb_content_element  wpb_animate_when_almost_visible wpb_bottom-to-top bottom-to-top vc_custom_1654664993655\" >\r\n\t\t\t<div class=\"wpb_wrapper\">\r\n\t\t\t\t<div class=\"styled-subtitle\">Equipes formadas por especialistas nos \u00e2mbitos consultivo e contencioso.<\/div>\n\r\n\t\t\t<\/div>\r\n\t\t<\/div>\r\n\t\r\n<div class=\"clearboth\"><\/div><div class=\"gem-divider\" style=\"margin-top: 50px;\"><\/div>\r\n\t\r\n\t\t<div class=\"wpb_text_column wpb_content_element  wpb_animate_when_almost_visible wpb_bottom-to-top bottom-to-top vc_custom_1654769085463 text-qs-home\" >\r\n\t\t\t<div class=\"wpb_wrapper\">\r\n\t\t\t\t<p>Vasta experi\u00eancia em Consultorias Empresarial e Tribut\u00e1ria para Pessoas F\u00edsicas e Jur\u00eddicas de mercados plurissetoriais. Somos um escrit\u00f3rio que se fundou maduro em raz\u00e3o da uni\u00e3o de profissionais experientes e qualificados. Este fator se reflete em nosso constante crescimento, aprimoramento, e, certamente, nos inspira a firmarmos nossa posi\u00e7\u00e3o como um escrit\u00f3rio de advocacia de excel\u00eancia, din\u00e2mico, inovador, sempre com foco na fideliza\u00e7\u00e3o de clientes e compromisso de longo prazo.<\/p>\n\r\n\t\t\t<\/div>\r\n\t\t<\/div>\r\n\t\r\n<\/div><\/div><\/div><\/div><div class=\"vc_row-full-width vc_clearfix\"><\/div><div class=\"vc_row-full-width-before\"><\/div><div id=\"vc_row-69ebc34ea6597\" data-vc-full-width=\"true\" data-vc-full-width-init=\"false\" data-vc-stretch-content=\"true\" class=\"vc_row wpb_row vc_row-fluid vc_custom_1662994985062 thegem-custom-69ebc34ea65841059 vc_row-has-fill vc_row-no-padding vc_row-o-equal-height vc_row-flex\"><script type=\"text\/javascript\">if (typeof(gem_fix_fullwidth_position) == \"function\") { gem_fix_fullwidth_position(document.getElementById(\"vc_row-69ebc34ea6597\")); }<\/script><div class=\"wpb_column vc_column_container vc_col-sm-12 vc_col-lg-6 vc_col-md-6 vc_col-xs-12 thegem-custom-69ebc34ea67ab247\"><div class=\"vc_column-inner vc_custom_1662995221660\"><div class=\"wpb_wrapper\">\r\n\t\r\n\t\t<div class=\"wpb_text_column wpb_content_element  wpb_animate_when_almost_visible wpb_bottom-to-top bottom-to-top\" >\r\n\t\t\t<div class=\"wpb_wrapper\">\r\n\t\t\t\t<div class=\"title-h2\" style=\"text-align: left;\"><span style=\"color: #c9e265;\">MISS\u00e3o<\/span><\/div>\n\r\n\t\t\t<\/div>\r\n\t\t<\/div>\r\n\t\r\n<div class=\"clearboth\"><\/div><div class=\"gem-divider\" style=\"margin-top: 50px;\"><\/div>\r\n\t\r\n\t\t<div class=\"wpb_text_column wpb_content_element  wpb_animate_when_almost_visible wpb_bottom-to-top bottom-to-top\" >\r\n\t\t\t<div class=\"wpb_wrapper\">\r\n\t\t\t\t<p><span style=\"color: #ffffff;\">O nosso prop\u00f3sito \u00e9 identificar os desafios jur\u00eddicos de empresas e pessoas f\u00edsicas (inclusive expatriados), desenvolvendo solu\u00e7\u00f5es inovadoras customizadas, multidisciplinares, sempre com agilidade e disponibilidade.<\/span><\/p>\n\r\n\t\t\t<\/div>\r\n\t\t<\/div>\r\n\t\r\n<\/div><\/div><\/div><div class=\"wpb_column vc_column_container vc_col-sm-12 vc_col-lg-6 vc_col-md-6 vc_col-xs-12 thegem-custom-69ebc34ea6b6a5458\"><div class=\"vc_column-inner vc_custom_1662995234015\"><div class=\"wpb_wrapper\">\r\n\t\r\n\t\t<div class=\"wpb_text_column wpb_content_element  wpb_animate_when_almost_visible wpb_bottom-to-top bottom-to-top\" >\r\n\t\t\t<div class=\"wpb_wrapper\">\r\n\t\t\t\t<div class=\"title-h2\"><span style=\"color: #c9e265;\">valores<\/span><\/div>\n\r\n\t\t\t<\/div>\r\n\t\t<\/div>\r\n\t\r\n<div class=\"clearboth\"><\/div><div class=\"gem-divider\" style=\"margin-top: 50px;\"><\/div>\r\n\t\r\n\t\t<div class=\"wpb_text_column wpb_content_element  wpb_animate_when_almost_visible wpb_bottom-to-top bottom-to-top\" >\r\n\t\t\t<div class=\"wpb_wrapper\">\r\n\t\t\t\t<p><span style=\"color: #ffffff;\">Excel\u00eancia, Agilidade, Transpar\u00eancia, \u00c9tica, Empreendedorismo, Constante Desenvolvimento, Comprometimento e Coopera\u00e7\u00e3o.<\/span><\/p>\n\r\n\t\t\t<\/div>\r\n\t\t<\/div>\r\n\t\r\n<\/div><\/div><\/div><\/div><div class=\"vc_row-full-width vc_clearfix\"><\/div>","protected":false},"excerpt":{"rendered":"","protected":false},"author":1,"featured_media":0,"parent":0,"menu_order":0,"comment_status":"closed","ping_status":"closed","template":"","meta":[],"_links":{"self":[{"href":"http:\/\/mvlaw.adv.br\/en\/wp-json\/wp\/v2\/pages\/447"}],"collection":[{"href":"http:\/\/mvlaw.adv.br\/en\/wp-json\/wp\/v2\/pages"}],"about":[{"href":"http:\/\/mvlaw.adv.br\/en\/wp-json\/wp\/v2\/types\/page"}],"author":[{"embeddable":true,"href":"http:\/\/mvlaw.adv.br\/en\/wp-json\/wp\/v2\/users\/1"}],"replies":[{"embeddable":true,"href":"http:\/\/mvlaw.adv.br\/en\/wp-json\/wp\/v2\/comments?post=447"}],"version-history":[{"count":59,"href":"http:\/\/mvlaw.adv.br\/en\/wp-json\/wp\/v2\/pages\/447\/revisions"}],"predecessor-version":[{"id":6027,"href":"http:\/\/mvlaw.adv.br\/en\/wp-json\/wp\/v2\/pages\/447\/revisions\/6027"}],"wp:attachment":[{"href":"http:\/\/mvlaw.adv.br\/en\/wp-json\/wp\/v2\/media?parent=447"}],"curies":[{"name":"wp","href":"https:\/\/api.w.org\/{rel}","templated":true}]}}